{"id":23,"date":"2022-10-25T21:15:32","date_gmt":"2022-10-25T20:15:32","guid":{"rendered":"http:\/\/fmabolofstrom.fi\/?page_id=23"},"modified":"2022-10-25T21:16:13","modified_gmt":"2022-10-25T20:16:13","slug":"23-2","status":"publish","type":"page","link":"https:\/\/fmabolofstrom.fi\/fi\/","title":{"rendered":"Startsida"},"content":{"rendered":"<div id=\"wp-block-themeisle-blocks-advanced-columns-416cae87\" class=\"wp-block-themeisle-blocks-advanced-columns has-1-columns has-desktop-equal-layout has-tablet-equal-layout has-mobile-equal-layout has-vertical-unset\"><div class=\"wp-block-themeisle-blocks-advanced-columns-overlay\"><\/div><div class=\"innerblocks-wrap\">\n<div id=\"wp-block-themeisle-blocks-advanced-column-a24bd78e\" class=\"wp-block-themeisle-blocks-advanced-column\"><\/div>\n<\/div><\/div>","protected":false},"excerpt":{"rendered":"","protected":false},"author":1,"featured_media":0,"parent":0,"menu_order":0,"comment_status":"closed","ping_status":"closed","template":"","meta":{"_themeisle_gutenberg_block_has_review":false,"footnotes":""},"class_list":["post-23","page","type-page","status-publish","hentry"],"yoast_head":"<!-- This site is optimized with the Yoast SEO plugin v22.6 - https:\/\/yoast.com\/wordpress\/plugins\/seo\/ -->\n<title>Startsida - FMA BO L\u00d6FSTR\u00d6M<\/title>\n<meta name=\"description\" content=\"M\u00e5ngsidig entrepren\u00f6r p\u00e5 Kimito\u00f6n med omnejd inom bland annat gr\u00e4vningsarbeten, transporter, tr\u00e4df\u00e4llning och vedf\u00f6rs\u00e4ljning.\" \/>\n<meta name=\"robots\" content=\"index, follow, max-snippet:-1, max-image-preview:large, max-video-preview:-1\" \/>\n<link rel=\"canonical\" href=\"https:\/\/fmabolofstrom.fi\/fi\/\" \/>\n<meta property=\"og:locale\" content=\"fi_FI\" \/>\n<meta property=\"og:type\" content=\"article\" \/>\n<meta property=\"og:title\" content=\"Startsida - FMA BO L\u00d6FSTR\u00d6M\" \/>\n<meta property=\"og:description\" content=\"M\u00e5ngsidig entrepren\u00f6r p\u00e5 Kimito\u00f6n med omnejd inom bland annat gr\u00e4vningsarbeten, transporter, tr\u00e4df\u00e4llning och vedf\u00f6rs\u00e4ljning.\" \/>\n<meta property=\"og:url\" content=\"https:\/\/fmabolofstrom.fi\/fi\/\" \/>\n<meta property=\"og:site_name\" content=\"FMA BO L\u00d6FSTR\u00d6M\" \/>\n<meta property=\"article:modified_time\" content=\"2022-10-25T20:16:13+00:00\" \/>\n<meta name=\"twitter:card\" content=\"summary_large_image\" \/>\n<script type=\"application\/ld+json\" class=\"yoast-schema-graph\">{\"@context\":\"https:\/\/schema.org\",\"@graph\":[{\"@type\":\"WebPage\",\"@id\":\"https:\/\/fmabolofstrom.fi\/fi\/\",\"url\":\"https:\/\/fmabolofstrom.fi\/fi\/\",\"name\":\"Startsida - FMA BO L\u00d6FSTR\u00d6M\",\"isPartOf\":{\"@id\":\"https:\/\/fmabolofstrom.fi\/#website\"},\"datePublished\":\"2022-10-25T20:15:32+00:00\",\"dateModified\":\"2022-10-25T20:16:13+00:00\",\"description\":\"M\u00e5ngsidig entrepren\u00f6r p\u00e5 Kimito\u00f6n med omnejd inom bland annat gr\u00e4vningsarbeten, transporter, tr\u00e4df\u00e4llning och vedf\u00f6rs\u00e4ljning.\",\"breadcrumb\":{\"@id\":\"https:\/\/fmabolofstrom.fi\/fi\/#breadcrumb\"},\"inLanguage\":\"fi\",\"potentialAction\":[{\"@type\":\"ReadAction\",\"target\":[\"https:\/\/fmabolofstrom.fi\/fi\/\"]}]},{\"@type\":\"BreadcrumbList\",\"@id\":\"https:\/\/fmabolofstrom.fi\/fi\/#breadcrumb\",\"itemListElement\":[{\"@type\":\"ListItem\",\"position\":1,\"name\":\"Home\",\"item\":\"https:\/\/fmabolofstrom.fi\/fi\/\"},{\"@type\":\"ListItem\",\"position\":2,\"name\":\"Startsida\"}]},{\"@type\":\"WebSite\",\"@id\":\"https:\/\/fmabolofstrom.fi\/#website\",\"url\":\"https:\/\/fmabolofstrom.fi\/\",\"name\":\"FMA BO L\u00d6FSTR\u00d6M\",\"description\":\"Just another WordPress site\",\"publisher\":{\"@id\":\"https:\/\/fmabolofstrom.fi\/#organization\"},\"potentialAction\":[{\"@type\":\"SearchAction\",\"target\":{\"@type\":\"EntryPoint\",\"urlTemplate\":\"https:\/\/fmabolofstrom.fi\/?s={search_term_string}\"},\"query-input\":\"required name=search_term_string\"}],\"inLanguage\":\"fi\"},{\"@type\":\"Organization\",\"@id\":\"https:\/\/fmabolofstrom.fi\/#organization\",\"name\":\"FMA BO L\u00d6FSTR\u00d6M\",\"url\":\"https:\/\/fmabolofstrom.fi\/\",\"logo\":{\"@type\":\"ImageObject\",\"inLanguage\":\"fi\",\"@id\":\"https:\/\/fmabolofstrom.fi\/#\/schema\/logo\/image\/\",\"url\":\"https:\/\/fmabolofstrom.fi\/wp-content\/uploads\/2022\/10\/Bo-1-logo-svart-text-1.jpg\",\"contentUrl\":\"https:\/\/fmabolofstrom.fi\/wp-content\/uploads\/2022\/10\/Bo-1-logo-svart-text-1.jpg\",\"width\":1000,\"height\":250,\"caption\":\"FMA BO L\u00d6FSTR\u00d6M\"},\"image\":{\"@id\":\"https:\/\/fmabolofstrom.fi\/#\/schema\/logo\/image\/\"}}]}<\/script>\n<!-- \/ Yoast SEO plugin. -->","yoast_head_json":{"title":"Startsida - FMA BO L\u00d6FSTR\u00d6M","description":"M\u00e5ngsidig entrepren\u00f6r p\u00e5 Kimito\u00f6n med omnejd inom bland annat gr\u00e4vningsarbeten, transporter, tr\u00e4df\u00e4llning och vedf\u00f6rs\u00e4ljning.","robots":{"index":"index","follow":"follow","max-snippet":"max-snippet:-1","max-image-preview":"max-image-preview:large","max-video-preview":"max-video-preview:-1"},"canonical":"https:\/\/fmabolofstrom.fi\/fi\/","og_locale":"fi_FI","og_type":"article","og_title":"Startsida - FMA BO L\u00d6FSTR\u00d6M","og_description":"M\u00e5ngsidig entrepren\u00f6r p\u00e5 Kimito\u00f6n med omnejd inom bland annat gr\u00e4vningsarbeten, transporter, tr\u00e4df\u00e4llning och vedf\u00f6rs\u00e4ljning.","og_url":"https:\/\/fmabolofstrom.fi\/fi\/","og_site_name":"FMA BO L\u00d6FSTR\u00d6M","article_modified_time":"2022-10-25T20:16:13+00:00","twitter_card":"summary_large_image","schema":{"@context":"https:\/\/schema.org","@graph":[{"@type":"WebPage","@id":"https:\/\/fmabolofstrom.fi\/fi\/","url":"https:\/\/fmabolofstrom.fi\/fi\/","name":"Startsida - FMA BO L\u00d6FSTR\u00d6M","isPartOf":{"@id":"https:\/\/fmabolofstrom.fi\/#website"},"datePublished":"2022-10-25T20:15:32+00:00","dateModified":"2022-10-25T20:16:13+00:00","description":"M\u00e5ngsidig entrepren\u00f6r p\u00e5 Kimito\u00f6n med omnejd inom bland annat gr\u00e4vningsarbeten, transporter, tr\u00e4df\u00e4llning och vedf\u00f6rs\u00e4ljning.","breadcrumb":{"@id":"https:\/\/fmabolofstrom.fi\/fi\/#breadcrumb"},"inLanguage":"fi","potentialAction":[{"@type":"ReadAction","target":["https:\/\/fmabolofstrom.fi\/fi\/"]}]},{"@type":"BreadcrumbList","@id":"https:\/\/fmabolofstrom.fi\/fi\/#breadcrumb","itemListElement":[{"@type":"ListItem","position":1,"name":"Home","item":"https:\/\/fmabolofstrom.fi\/fi\/"},{"@type":"ListItem","position":2,"name":"Startsida"}]},{"@type":"WebSite","@id":"https:\/\/fmabolofstrom.fi\/#website","url":"https:\/\/fmabolofstrom.fi\/","name":"FMA BO L\u00d6FSTR\u00d6M","description":"Just another WordPress site","publisher":{"@id":"https:\/\/fmabolofstrom.fi\/#organization"},"potentialAction":[{"@type":"SearchAction","target":{"@type":"EntryPoint","urlTemplate":"https:\/\/fmabolofstrom.fi\/?s={search_term_string}"},"query-input":"required name=search_term_string"}],"inLanguage":"fi"},{"@type":"Organization","@id":"https:\/\/fmabolofstrom.fi\/#organization","name":"FMA BO L\u00d6FSTR\u00d6M","url":"https:\/\/fmabolofstrom.fi\/","logo":{"@type":"ImageObject","inLanguage":"fi","@id":"https:\/\/fmabolofstrom.fi\/#\/schema\/logo\/image\/","url":"https:\/\/fmabolofstrom.fi\/wp-content\/uploads\/2022\/10\/Bo-1-logo-svart-text-1.jpg","contentUrl":"https:\/\/fmabolofstrom.fi\/wp-content\/uploads\/2022\/10\/Bo-1-logo-svart-text-1.jpg","width":1000,"height":250,"caption":"FMA BO L\u00d6FSTR\u00d6M"},"image":{"@id":"https:\/\/fmabolofstrom.fi\/#\/schema\/logo\/image\/"}}]}},"_links":{"self":[{"href":"https:\/\/fmabolofstrom.fi\/fi\/wp-json\/wp\/v2\/pages\/23","targetHints":{"allow":["GET"]}}],"collection":[{"href":"https:\/\/fmabolofstrom.fi\/fi\/wp-json\/wp\/v2\/pages"}],"about":[{"href":"https:\/\/fmabolofstrom.fi\/fi\/wp-json\/wp\/v2\/types\/page"}],"author":[{"embeddable":true,"href":"https:\/\/fmabolofstrom.fi\/fi\/wp-json\/wp\/v2\/users\/1"}],"replies":[{"embeddable":true,"href":"https:\/\/fmabolofstrom.fi\/fi\/wp-json\/wp\/v2\/comments?post=23"}],"version-history":[{"count":2,"href":"https:\/\/fmabolofstrom.fi\/fi\/wp-json\/wp\/v2\/pages\/23\/revisions"}],"predecessor-version":[{"id":25,"href":"https:\/\/fmabolofstrom.fi\/fi\/wp-json\/wp\/v2\/pages\/23\/revisions\/25"}],"wp:attachment":[{"href":"https:\/\/fmabolofstrom.fi\/fi\/wp-json\/wp\/v2\/media?parent=23"}],"curies":[{"name":"wp","href":"https:\/\/api.w.org\/{rel}","templated":true}]}}